{"id":2958,"date":"2018-03-17T19:17:37","date_gmt":"2018-03-17T22:17:37","guid":{"rendered":"http:\/\/lobopopart.com.br\/contact-to-lobo\/"},"modified":"2020-07-04T15:33:21","modified_gmt":"2020-07-04T18:33:21","slug":"contact-to-lobo","status":"publish","type":"page","link":"https:\/\/lobopopart.com.br\/en\/contact-to-lobo\/","title":{"rendered":"Contact to Brazilian Pop Artist Lobo"},"content":{"rendered":"<div class=\"wpb-content-wrapper\">[vc_row thb_divider_position=&#8221;bottom&#8221;][vc_column][vc_empty_space height=&#8221;50px&#8221;][\/vc_column][\/vc_row][vc_row thb_divider_position=&#8221;bottom&#8221; el_class=&#8221;align-center&#8221; css=&#8221;.vc_custom_1522416443797{padding-top: 10vh !important;padding-bottom: 10vh !important;background-color: #ffffff !important;}&#8221;][vc_column offset=&#8221;vc_col-lg-10 vc_col-md-12&#8243;][vc_row_inner][vc_column_inner width=&#8221;1\/4&#8243;][vc_column_text animation=&#8221;animation bottom-to-top&#8221; css=&#8221;.vc_custom_1593887506390{border-bottom-width: 2px !important;padding-bottom: 30px !important;border-bottom-color: #f4f4f4 !important;}&#8221;]\n<h2><span style=\"color: #33cccc;\"><strong>Contact to Lobo!<\/strong><\/span><\/h2>\n<p style=\"font-size: 14px;\">To speak with the artist, fill out the form below, or send an email to<\/p>\n<h4 style=\"font-size: 14px;\"><span style=\"color: #33cccc;\"><a style=\"color: #33cccc;\" href=\"mailto:lobo@lobopopart.com.br\">lobo@lobopopart.com.br<\/a><\/span><\/h4>\n<h6 style=\"font-size: 14px;\">+55 (11) 95914 7003<\/h6>\n<h3 style=\"font-size: 14px;\">Contact Lobo by whatsapp, click <a href=\"https:\/\/api.whatsapp.com\/send?phone=5511959147003&amp;text=Ol\u00e1 Lobo, gostaria de informa\u00e7\u00f5es sobre os quadros!\">here\u00a0<\/a><\/h3>\n[\/vc_column_text][vc_column_text animation=&#8221;animation top-to-bottom&#8221; css=&#8221;.vc_custom_1593887567418{border-bottom-width: 2px !important;padding-bottom: 30px !important;border-bottom-color: #f4f4f4 !important;}&#8221;]<strong>International Contacts<\/strong><\/p>\n<p style=\"font-size: 14px;\">For International Jobs, Use of Image and Licensing, contact Eriko Bagatim, by e-mail:<\/p>\n<p style=\"font-size: 14px;\"><span style=\"color: #33cccc;\"><a style=\"color: #33cccc;\" href=\"mailto:eriko@lobopopart.com\">eriko@lobopopart.com<\/a><\/span><\/p>\n<p><a href=\"https:\/\/www.instagram.com\/lobopopart\"><strong>CONNECT WITH THE POP ARTIST <span style=\"color: #33cccc;\">INSTAGRAM<\/span><\/strong><\/a>[\/vc_column_text][\/vc_column_inner][vc_column_inner width=&#8221;3\/4&#8243; css=&#8221;.vc_custom_1474478996357{padding-left: 5% !important;}&#8221;][vc_column_text animation=&#8221;animation top-to-bottom&#8221; css=&#8221;.vc_custom_1593887592459{border-bottom-width: 2px !important;padding-bottom: 30px !important;border-bottom-color: #f4f4f4 !important;}&#8221;]\n<h4><b class=\"b4\">To<\/b><b class=\"b5\"> Contact\u00a0<\/b><b class=\"b4\">us<\/b><b class=\"b3\">\u00a0via<\/b><b class=\"b2\"> E-mail,\u00a0<\/b><b class=\"b3\">Ple<\/b><b class=\"b4\">ase<\/b><b class=\"b5\">\u00a0fill\u00a0<\/b><b class=\"b4\">out<\/b><b class=\"b3\">\u00a0th<\/b><b class=\"b4\">e\u00a0<\/b><b class=\"b5\">Form below<\/b>:<\/h4>\n[\/vc_column_text]\n<div class=\"wpcf7 no-js\" id=\"wpcf7-f7-o1\" lang=\"pt-BR\" dir=\"ltr\" data-wpcf7-id=\"7\">\n<div class=\"screen-reader-response\"><p role=\"status\" aria-live=\"polite\" aria-atomic=\"true\"><\/p> <ul><\/ul><\/div>\n<form action=\"\/en\/wp-json\/wp\/v2\/pages\/2958#wpcf7-f7-o1\" method=\"post\" class=\"wpcf7-form init\" aria-label=\"Formul\u00e1rios de contato\" novalidate=\"novalidate\" data-status=\"init\">\n<div style=\"display: none;\">\n<input type=\"hidden\" name=\"_wpcf7\" value=\"7\" \/>\n<input type=\"hidden\" name=\"_wpcf7_version\" value=\"6.0.6\" \/>\n<input type=\"hidden\" name=\"_wpcf7_locale\" value=\"pt_BR\" \/>\n<input type=\"hidden\" name=\"_wpcf7_unit_tag\" value=\"wpcf7-f7-o1\" \/>\n<input type=\"hidden\" name=\"_wpcf7_container_post\" value=\"0\" \/>\n<input type=\"hidden\" name=\"_wpcf7_posted_data_hash\" value=\"\" \/>\n<input type=\"hidden\" name=\"_wpcf7_recaptcha_response\" value=\"\" \/>\n<\/div>\n<p><label> Your Name (required)<br \/>\n<span class=\"wpcf7-form-control-wrap\" data-name=\"your-name\"><input size=\"40\" maxlength=\"400\" class=\"wpcf7-form-control wpcf7-text wpcf7-validates-as-required\" aria-required=\"true\" aria-invalid=\"false\" value=\"\" type=\"text\" name=\"your-name\" \/><\/span> <\/label>\n<\/p>\n<p><label> Your E-mail (required)<br \/>\n<span class=\"wpcf7-form-control-wrap\" data-name=\"your-email\"><input size=\"40\" maxlength=\"400\" class=\"wpcf7-form-control wpcf7-email wpcf7-validates-as-required wpcf7-text wpcf7-validates-as-email\" aria-required=\"true\" aria-invalid=\"false\" value=\"\" type=\"email\" name=\"your-email\" \/><\/span> <\/label>\n<\/p>\n<p><label> Subject<br \/>\n<span class=\"wpcf7-form-control-wrap\" data-name=\"your-subject\"><input size=\"40\" maxlength=\"400\" class=\"wpcf7-form-control wpcf7-text\" aria-invalid=\"false\" value=\"\" type=\"text\" name=\"your-subject\" \/><\/span> <\/label>\n<\/p>\n<p><label> Your Message<br \/>\n<span class=\"wpcf7-form-control-wrap\" data-name=\"your-message\"><textarea cols=\"40\" rows=\"10\" maxlength=\"2000\" class=\"wpcf7-form-control wpcf7-textarea\" aria-invalid=\"false\" name=\"your-message\"><\/textarea><\/span> <\/label>\n<\/p>\n<p><input class=\"wpcf7-form-control wpcf7-submit has-spinner\" type=\"submit\" value=\"Send\" \/>\n<\/p><p style=\"display: none !important;\"><label>&#916;<textarea name=\"_wpcf7_ak_hp_textarea\" cols=\"45\" rows=\"8\" maxlength=\"100\"><\/textarea><\/label><input type=\"hidden\" id=\"ak_js_1\" name=\"_wpcf7_ak_js\" value=\"130\"\/><script>document.getElementById( \"ak_js_1\" ).setAttribute( \"value\", ( new Date() ).getTime() );<\/script><\/p><div class=\"wpcf7-response-output\" aria-hidden=\"true\"><\/div>\n<\/form>\n<\/div>\n[\/vc_column_inner][\/vc_row_inner][\/vc_column][\/vc_row][vc_row content_placement=&#8221;middle&#8221; thb_divider_position=&#8221;bottom&#8221; el_class=&#8221;align-center&#8221; css=&#8221;.vc_custom_1593634545448{padding-top: 10vh !important;padding-bottom: 10vh !important;}&#8221;][vc_column offset=&#8221;vc_col-lg-8 vc_col-md-6&#8243; el_class=&#8221;align-center&#8221;][vc_column_text]\n<figure id=\"attachment_4688\" aria-describedby=\"caption-attachment-4688\" style=\"width: 1200px\" class=\"wp-caption aligncenter\"><img decoding=\"async\" class=\"size-full wp-image-4687 lazyload\" src=\"data:image\/gif;base64,R0lGODlhAQABAAAAACH5BAEKAAEALAAAAAABAAEAAAICTAEAOw==\" data-src=\"https:\/\/lobopopart.com.br\/wp-content\/uploads\/2018\/03\/Artista-Plastico-Lobo-Pop-Art.jpg\" alt=\"Artista Plastico Lobo Pop Art\" width=\"1200\" height=\"800\" data-sizes=\"auto\" data-srcset=\"https:\/\/lobopopart.com.br\/wp-content\/uploads\/2018\/03\/Artista-Plastico-Lobo-Pop-Art.jpg 1200w, https:\/\/lobopopart.com.br\/wp-content\/uploads\/2018\/03\/Artista-Plastico-Lobo-Pop-Art-768x512.jpg 768w, https:\/\/lobopopart.com.br\/wp-content\/uploads\/2018\/03\/Artista-Plastico-Lobo-Pop-Art-1024x683.jpg 1024w, https:\/\/lobopopart.com.br\/wp-content\/uploads\/2018\/03\/Artista-Plastico-Lobo-Pop-Art-640x427.jpg 640w, https:\/\/lobopopart.com.br\/wp-content\/uploads\/2018\/03\/Artista-Plastico-Lobo-Pop-Art-320x213.jpg 320w, https:\/\/lobopopart.com.br\/wp-content\/uploads\/2018\/03\/Artista-Plastico-Lobo-Pop-Art-20x13.jpg 20w\" sizes=\"(max-width: 1200px) 100vw, 1200px\" \/><figcaption id=\"caption-attachment-4688\" class=\"wp-caption-text\">Pop Artist Lobo | Pop Art<\/figcaption><\/figure>\n[\/vc_column_text][vc_empty_space height=&#8221;5px&#8221;][vc_column_text]\n<div class=\"mceTemp\"><\/div>\n<figure id=\"attachment_4686\" aria-describedby=\"caption-attachment-4686\" style=\"width: 1200px\" class=\"wp-caption aligncenter\"><img decoding=\"async\" class=\"size-full wp-image-4685 lazyload\" src=\"data:image\/gif;base64,R0lGODlhAQABAAAAACH5BAEKAAEALAAAAAABAAEAAAICTAEAOw==\" data-src=\"https:\/\/lobopopart.com.br\/wp-content\/uploads\/2018\/03\/Pintura-Obras-de-Arte.jpg\" alt=\"Pintura Obras de Arte\" width=\"1200\" height=\"800\" data-sizes=\"auto\" data-srcset=\"https:\/\/lobopopart.com.br\/wp-content\/uploads\/2018\/03\/Pintura-Obras-de-Arte.jpg 1200w, https:\/\/lobopopart.com.br\/wp-content\/uploads\/2018\/03\/Pintura-Obras-de-Arte-768x512.jpg 768w, https:\/\/lobopopart.com.br\/wp-content\/uploads\/2018\/03\/Pintura-Obras-de-Arte-1024x683.jpg 1024w, https:\/\/lobopopart.com.br\/wp-content\/uploads\/2018\/03\/Pintura-Obras-de-Arte-640x427.jpg 640w, https:\/\/lobopopart.com.br\/wp-content\/uploads\/2018\/03\/Pintura-Obras-de-Arte-320x213.jpg 320w, https:\/\/lobopopart.com.br\/wp-content\/uploads\/2018\/03\/Pintura-Obras-de-Arte-20x13.jpg 20w\" sizes=\"(max-width: 1200px) 100vw, 1200px\" \/><figcaption id=\"caption-attachment-4686\" class=\"wp-caption-text\">Painting Artwork of Artist Lobo<\/figcaption><\/figure>\n[\/vc_column_text][vc_empty_space height=&#8221;5px&#8221;][vc_column_text]\n<div class=\"mceTemp\"><\/div>\n<figure id=\"attachment_4684\" aria-describedby=\"caption-attachment-4684\" style=\"width: 1200px\" class=\"wp-caption aligncenter\"><img decoding=\"async\" class=\"size-full wp-image-4683 lazyload\" src=\"data:image\/gif;base64,R0lGODlhAQABAAAAACH5BAEKAAEALAAAAAABAAEAAAICTAEAOw==\" data-src=\"https:\/\/lobopopart.com.br\/wp-content\/uploads\/2018\/03\/Artista-Plastico-Pintor-Quadro.jpg\" alt=\"Artista Plastico Pintor Quadro\" width=\"1200\" height=\"800\" data-sizes=\"auto\" data-srcset=\"https:\/\/lobopopart.com.br\/wp-content\/uploads\/2018\/03\/Artista-Plastico-Pintor-Quadro.jpg 1200w, https:\/\/lobopopart.com.br\/wp-content\/uploads\/2018\/03\/Artista-Plastico-Pintor-Quadro-768x512.jpg 768w, https:\/\/lobopopart.com.br\/wp-content\/uploads\/2018\/03\/Artista-Plastico-Pintor-Quadro-1024x683.jpg 1024w, https:\/\/lobopopart.com.br\/wp-content\/uploads\/2018\/03\/Artista-Plastico-Pintor-Quadro-640x427.jpg 640w, https:\/\/lobopopart.com.br\/wp-content\/uploads\/2018\/03\/Artista-Plastico-Pintor-Quadro-320x213.jpg 320w, https:\/\/lobopopart.com.br\/wp-content\/uploads\/2018\/03\/Artista-Plastico-Pintor-Quadro-20x13.jpg 20w\" sizes=\"(max-width: 1200px) 100vw, 1200px\" \/><figcaption id=\"caption-attachment-4684\" class=\"wp-caption-text\">Brazilian Pop Artist Lobo<\/figcaption><\/figure>\n[\/vc_column_text][vc_empty_space height=&#8221;5px&#8221;][vc_column_text]\n<div class=\"mceTemp\"><\/div>\n<figure id=\"attachment_4694\" aria-describedby=\"caption-attachment-4694\" style=\"width: 1200px\" class=\"wp-caption aligncenter\"><img decoding=\"async\" class=\"size-full wp-image-4695 lazyload\" src=\"data:image\/gif;base64,R0lGODlhAQABAAAAACH5BAEKAAEALAAAAAABAAEAAAICTAEAOw==\" data-src=\"https:\/\/lobopopart.com.br\/wp-content\/uploads\/2018\/03\/Lobo-Pop-Art-1.jpg\" alt=\"Lobo Pop Art\" width=\"1200\" height=\"630\" data-sizes=\"auto\" data-srcset=\"https:\/\/lobopopart.com.br\/wp-content\/uploads\/2018\/03\/Lobo-Pop-Art-1.jpg 1200w, https:\/\/lobopopart.com.br\/wp-content\/uploads\/2018\/03\/Lobo-Pop-Art-1-768x403.jpg 768w, https:\/\/lobopopart.com.br\/wp-content\/uploads\/2018\/03\/Lobo-Pop-Art-1-1024x538.jpg 1024w, https:\/\/lobopopart.com.br\/wp-content\/uploads\/2018\/03\/Lobo-Pop-Art-1-640x336.jpg 640w, https:\/\/lobopopart.com.br\/wp-content\/uploads\/2018\/03\/Lobo-Pop-Art-1-20x11.jpg 20w, https:\/\/lobopopart.com.br\/wp-content\/uploads\/2018\/03\/Lobo-Pop-Art-1-320x168.jpg 320w\" sizes=\"(max-width: 1200px) 100vw, 1200px\" \/><figcaption id=\"caption-attachment-4694\" class=\"wp-caption-text\">Lobo Pop Art<\/figcaption><\/figure>\n[\/vc_column_text][vc_empty_space height=&#8221;5px&#8221;][vc_column_text]\n<figure id=\"attachment_4692\" aria-describedby=\"caption-attachment-4692\" style=\"width: 1200px\" class=\"wp-caption aligncenter\"><img decoding=\"async\" class=\"wp-image-4691 size-full lazyload\" src=\"data:image\/gif;base64,R0lGODlhAQABAAAAACH5BAEKAAEALAAAAAABAAEAAAICTAEAOw==\" data-src=\"https:\/\/lobopopart.com.br\/wp-content\/uploads\/2018\/03\/Contato-Artista-Plastico-Lobo.jpg\" alt=\"contato Artista Plastico Lobo Pop Art\" width=\"1200\" height=\"800\" data-sizes=\"auto\" data-srcset=\"https:\/\/lobopopart.com.br\/wp-content\/uploads\/2018\/03\/Contato-Artista-Plastico-Lobo.jpg 1200w, https:\/\/lobopopart.com.br\/wp-content\/uploads\/2018\/03\/Contato-Artista-Plastico-Lobo-768x512.jpg 768w, https:\/\/lobopopart.com.br\/wp-content\/uploads\/2018\/03\/Contato-Artista-Plastico-Lobo-1024x683.jpg 1024w, https:\/\/lobopopart.com.br\/wp-content\/uploads\/2018\/03\/Contato-Artista-Plastico-Lobo-640x427.jpg 640w, https:\/\/lobopopart.com.br\/wp-content\/uploads\/2018\/03\/Contato-Artista-Plastico-Lobo-320x213.jpg 320w, https:\/\/lobopopart.com.br\/wp-content\/uploads\/2018\/03\/Contato-Artista-Plastico-Lobo-20x13.jpg 20w\" sizes=\"(max-width: 1200px) 100vw, 1200px\" \/><figcaption id=\"caption-attachment-4692\" class=\"wp-caption-text\">Custom Canvas of Artist Lobo<\/figcaption><\/figure>\n[\/vc_column_text][vc_empty_space height=&#8221;30px&#8221;][\/vc_column][\/vc_row][vc_row content_placement=&#8221;middle&#8221; thb_divider_position=&#8221;bottom&#8221; el_class=&#8221;align-center&#8221;][vc_column el_class=&#8221;align-center&#8221; offset=&#8221;vc_col-lg-6 vc_col-md-8&#8243;][vc_empty_space height=&#8221;40px&#8221; el_class=&#8221;align-center&#8221;][vc_column_text]\n<h2 style=\"text-align: center;\"><span style=\"color: #fc4458;\">See too:<\/span><\/h2>\n[\/vc_column_text][\/vc_column][\/vc_row][vc_row thb_full_width=&#8221;true&#8221; content_placement=&#8221;middle&#8221; thb_divider_position=&#8221;bottom&#8221; el_class=&#8221;align-center&#8221;][vc_column width=&#8221;1\/3&#8243; el_class=&#8221;align-center&#8221; offset=&#8221;vc_col-lg-3 vc_col-md-3&#8243;][vc_empty_space height=&#8221;30px&#8221; el_class=&#8221;align-center&#8221;][vc_column_text el_class=&#8221;align-center&#8221;]\n<h3><a href=\"https:\/\/lobopopart.com.br\/en\/art-blog\/\">Enter the Blog and see about Art, Culture and Music<\/a><\/h3>\n<h3><a href=\"https:\/\/lobopopart.com.br\/en\/art-blog\/\"><img decoding=\"async\" class=\"aligncenter size-full wp-image-7328 lazyload\" src=\"data:image\/gif;base64,R0lGODlhAQABAAAAACH5BAEKAAEALAAAAAABAAEAAAICTAEAOw==\" data-src=\"https:\/\/lobopopart.com.br\/wp-content\/uploads\/2020\/07\/Melhor-Blog-de-Arte.jpg\" alt=\"Melhor Blog de Arte\" width=\"961\" height=\"760\" data-sizes=\"auto\" data-srcset=\"https:\/\/lobopopart.com.br\/wp-content\/uploads\/2020\/07\/Melhor-Blog-de-Arte.jpg 961w, https:\/\/lobopopart.com.br\/wp-content\/uploads\/2020\/07\/Melhor-Blog-de-Arte-768x607.jpg 768w, https:\/\/lobopopart.com.br\/wp-content\/uploads\/2020\/07\/Melhor-Blog-de-Arte-640x506.jpg 640w, https:\/\/lobopopart.com.br\/wp-content\/uploads\/2020\/07\/Melhor-Blog-de-Arte-320x253.jpg 320w, https:\/\/lobopopart.com.br\/wp-content\/uploads\/2020\/07\/Melhor-Blog-de-Arte-20x15.jpg 20w\" sizes=\"(max-width: 961px) 100vw, 961px\" \/><\/a><\/h3>\n[\/vc_column_text][\/vc_column][vc_column width=&#8221;1\/4&#8243; offset=&#8221;vc_col-lg-3 vc_col-md-3&#8243;][vc_empty_space height=&#8221;30px&#8221; el_class=&#8221;align-center&#8221;][vc_column_text el_class=&#8221;align-center&#8221;]\n<h3><a href=\"https:\/\/lobopopart.com.br\/en\/brazilian-art\/\">Brazilian Art is the inspiration of the Artist Lobo<\/a><\/h3>\n<p><a href=\"https:\/\/lobopopart.com.br\/en\/brazilian-art\/\"><img decoding=\"async\" class=\"aligncenter size-full wp-image-7330 lazyload\" src=\"data:image\/gif;base64,R0lGODlhAQABAAAAACH5BAEKAAEALAAAAAABAAEAAAICTAEAOw==\" data-src=\"https:\/\/lobopopart.com.br\/wp-content\/uploads\/2020\/07\/Arte-Brasileira-Artista-Lobo.jpg\" alt=\"Arte Brasileira Artista Lobo\" width=\"961\" height=\"760\" data-sizes=\"auto\" data-srcset=\"https:\/\/lobopopart.com.br\/wp-content\/uploads\/2020\/07\/Arte-Brasileira-Artista-Lobo.jpg 961w, https:\/\/lobopopart.com.br\/wp-content\/uploads\/2020\/07\/Arte-Brasileira-Artista-Lobo-768x607.jpg 768w, https:\/\/lobopopart.com.br\/wp-content\/uploads\/2020\/07\/Arte-Brasileira-Artista-Lobo-640x506.jpg 640w, https:\/\/lobopopart.com.br\/wp-content\/uploads\/2020\/07\/Arte-Brasileira-Artista-Lobo-320x253.jpg 320w, https:\/\/lobopopart.com.br\/wp-content\/uploads\/2020\/07\/Arte-Brasileira-Artista-Lobo-20x15.jpg 20w\" sizes=\"(max-width: 961px) 100vw, 961px\" \/><\/a>[\/vc_column_text][\/vc_column][vc_column width=&#8221;1\/4&#8243; offset=&#8221;vc_col-lg-3 vc_col-md-3&#8243;][vc_empty_space height=&#8221;30px&#8221; el_class=&#8221;align-center&#8221;][vc_column_text el_class=&#8221;align-center&#8221;]\n<h3><a href=\"https:\/\/lobopopart.com.br\/en\/painting-on-canvas\/\">How to Take care of your Painting on Canvas<\/a><\/h3>\n<h3><a href=\"https:\/\/lobopopart.com.br\/en\/painting-on-canvas\/\"><img decoding=\"async\" class=\"aligncenter size-full wp-image-7332 lazyload\" src=\"data:image\/gif;base64,R0lGODlhAQABAAAAACH5BAEKAAEALAAAAAABAAEAAAICTAEAOw==\" data-src=\"https:\/\/lobopopart.com.br\/wp-content\/uploads\/2020\/07\/Pintura-em-Tela.jpg\" alt=\"Pintura em Tela\" width=\"961\" height=\"760\" data-sizes=\"auto\" data-srcset=\"https:\/\/lobopopart.com.br\/wp-content\/uploads\/2020\/07\/Pintura-em-Tela.jpg 961w, https:\/\/lobopopart.com.br\/wp-content\/uploads\/2020\/07\/Pintura-em-Tela-768x607.jpg 768w, https:\/\/lobopopart.com.br\/wp-content\/uploads\/2020\/07\/Pintura-em-Tela-640x506.jpg 640w, https:\/\/lobopopart.com.br\/wp-content\/uploads\/2020\/07\/Pintura-em-Tela-320x253.jpg 320w, https:\/\/lobopopart.com.br\/wp-content\/uploads\/2020\/07\/Pintura-em-Tela-20x15.jpg 20w\" sizes=\"(max-width: 961px) 100vw, 961px\" \/><\/a><\/h3>\n[\/vc_column_text][\/vc_column][\/vc_row]\n<\/div>","protected":false},"excerpt":{"rendered":"<p>[vc_row thb_divider_position=&#8221;bottom&#8221;][vc_column][vc_empty_space height=&#8221;50px&#8221;][\/vc_column][\/vc_row][vc_row thb_divider_position=&#8221;bottom&#8221; el_class=&#8221;align-center&#8221; css=&#8221;.vc_custom_1522416443797{padding-top: 10vh !important;padding-bottom: 10vh !important;background-color: #ffffff !important;}&#8221;][vc_column offset=&#8221;vc_col-lg-10 vc_col-md-12&#8243;][vc_row_inner][vc_column_inner width=&#8221;1\/4&#8243;][vc_column_text animation=&#8221;animation bottom-to-top&#8221; css=&#8221;.vc_custom_1593887506390{border-bottom-width: 2px !important;padding-bottom: 30px !important;border-bottom-color: #f4f4f4 !important;}&#8221;] Contact to Lobo! To speak with the artist, fill out the form below, or send an email to lobo@lobopopart.com.br +55 (11) 95914 7003 Contact Lobo by whatsapp, click here\u00a0 [\/vc_column_text][vc_column_text animation=&#8221;animation&hellip;<\/p>\n","protected":false},"author":1,"featured_media":4248,"parent":0,"menu_order":0,"comment_status":"closed","ping_status":"closed","template":"","meta":{"footnotes":""},"class_list":["post-2958","page","type-page","status-publish","has-post-thumbnail","hentry"],"yoast_head":"<!-- This site is optimized with the Yoast SEO Premium plugin v18.1 (Yoast SEO v26.9) - https:\/\/yoast.com\/product\/yoast-seo-premium-wordpress\/ -->\n<title>Contact to Brazilian Pop Artist Lobo - Lobo Pop Art<\/title>\n<meta name=\"description\" content=\"Pop Artist Lobo | For orders of exclusive paintings, contact the Artist, reference in Pop Art in Brazil and in the world!\" \/>\n<meta name=\"robots\" content=\"index, follow, max-snippet:-1, max-image-preview:large, max-video-preview:-1\" \/>\n<link rel=\"canonical\" href=\"https:\/\/lobopopart.com.br\/en\/contact-to-lobo\/\" \/>\n<meta property=\"og:locale\" content=\"en_US\" \/>\n<meta property=\"og:type\" content=\"article\" \/>\n<meta property=\"og:title\" content=\"Contact to Brazilian Pop Artist Lobo\" \/>\n<meta property=\"og:description\" content=\"Contact to Lobo! To speak with the artist, fill out the form below, or send an email to lobo@lobopopart.com.br +55 (11) 95914 7003 Contact Lobo by\" \/>\n<meta property=\"og:url\" content=\"https:\/\/lobopopart.com.br\/en\/contact-to-lobo\/\" \/>\n<meta property=\"og:site_name\" content=\"Lobo Pop Art\" \/>\n<meta property=\"article:publisher\" content=\"https:\/\/www.facebook.com\/LoboPopArt\" \/>\n<meta property=\"article:modified_time\" content=\"2020-07-04T18:33:21+00:00\" \/>\n<meta property=\"og:image\" content=\"https:\/\/lobopopart.com.br\/wp-content\/uploads\/2016\/09\/contato-artista-plastico.jpg\" \/>\n\t<meta property=\"og:image:width\" content=\"1200\" \/>\n\t<meta property=\"og:image:height\" content=\"630\" \/>\n\t<meta property=\"og:image:type\" content=\"image\/jpeg\" \/>\n<meta name=\"twitter:card\" content=\"summary_large_image\" \/>\n<meta name=\"twitter:site\" content=\"@LoboPopArt\" \/>\n<meta name=\"twitter:label1\" content=\"Est. reading time\" \/>\n\t<meta name=\"twitter:data1\" content=\"3 minutes\" \/>\n<script type=\"application\/ld+json\" class=\"yoast-schema-graph\">{\"@context\":\"https:\/\/schema.org\",\"@graph\":[{\"@type\":\"WebPage\",\"@id\":\"https:\/\/lobopopart.com.br\/en\/contact-to-lobo\/\",\"url\":\"https:\/\/lobopopart.com.br\/en\/contact-to-lobo\/\",\"name\":\"Contact to Brazilian Pop Artist Lobo - Lobo Pop Art\",\"isPartOf\":{\"@id\":\"https:\/\/lobopopart.com.br\/en\/#website\"},\"primaryImageOfPage\":{\"@id\":\"https:\/\/lobopopart.com.br\/en\/contact-to-lobo\/#primaryimage\"},\"image\":{\"@id\":\"https:\/\/lobopopart.com.br\/en\/contact-to-lobo\/#primaryimage\"},\"thumbnailUrl\":\"https:\/\/lobopopart.com.br\/wp-content\/uploads\/2018\/03\/Pop-Art-Paintings.jpg\",\"datePublished\":\"2018-03-17T22:17:37+00:00\",\"dateModified\":\"2020-07-04T18:33:21+00:00\",\"description\":\"Pop Artist Lobo | For orders of exclusive paintings, contact the Artist, reference in Pop Art in Brazil and in the world!\",\"breadcrumb\":{\"@id\":\"https:\/\/lobopopart.com.br\/en\/contact-to-lobo\/#breadcrumb\"},\"inLanguage\":\"en-US\",\"potentialAction\":[{\"@type\":\"ReadAction\",\"target\":[\"https:\/\/lobopopart.com.br\/en\/contact-to-lobo\/\"]}]},{\"@type\":\"ImageObject\",\"inLanguage\":\"en-US\",\"@id\":\"https:\/\/lobopopart.com.br\/en\/contact-to-lobo\/#primaryimage\",\"url\":\"https:\/\/lobopopart.com.br\/wp-content\/uploads\/2018\/03\/Pop-Art-Paintings.jpg\",\"contentUrl\":\"https:\/\/lobopopart.com.br\/wp-content\/uploads\/2018\/03\/Pop-Art-Paintings.jpg\",\"width\":961,\"height\":760,\"caption\":\"pop art paintings\"},{\"@type\":\"BreadcrumbList\",\"@id\":\"https:\/\/lobopopart.com.br\/en\/contact-to-lobo\/#breadcrumb\",\"itemListElement\":[{\"@type\":\"ListItem\",\"position\":1,\"name\":\"In\u00edcio\",\"item\":\"https:\/\/lobopopart.com.br\/en\/\"},{\"@type\":\"ListItem\",\"position\":2,\"name\":\"Contact to Brazilian Pop Artist Lobo\"}]},{\"@type\":\"WebSite\",\"@id\":\"https:\/\/lobopopart.com.br\/en\/#website\",\"url\":\"https:\/\/lobopopart.com.br\/en\/\",\"name\":\"Artista Lobo Pop Art\",\"description\":\"Pop Art of Brazilian Pop Artist Lobo\",\"potentialAction\":[{\"@type\":\"SearchAction\",\"target\":{\"@type\":\"EntryPoint\",\"urlTemplate\":\"https:\/\/lobopopart.com.br\/en\/?s={search_term_string}\"},\"query-input\":{\"@type\":\"PropertyValueSpecification\",\"valueRequired\":true,\"valueName\":\"search_term_string\"}}],\"inLanguage\":\"en-US\"}]}<\/script>\n<!-- \/ Yoast SEO Premium plugin. -->","yoast_head_json":{"title":"Contact to Brazilian Pop Artist Lobo - Lobo Pop Art","description":"Pop Artist Lobo | For orders of exclusive paintings, contact the Artist, reference in Pop Art in Brazil and in the world!","robots":{"index":"index","follow":"follow","max-snippet":"max-snippet:-1","max-image-preview":"max-image-preview:large","max-video-preview":"max-video-preview:-1"},"canonical":"https:\/\/lobopopart.com.br\/en\/contact-to-lobo\/","og_locale":"en_US","og_type":"article","og_title":"Contact to Brazilian Pop Artist Lobo","og_description":"Contact to Lobo! To speak with the artist, fill out the form below, or send an email to lobo@lobopopart.com.br +55 (11) 95914 7003 Contact Lobo by","og_url":"https:\/\/lobopopart.com.br\/en\/contact-to-lobo\/","og_site_name":"Lobo Pop Art","article_publisher":"https:\/\/www.facebook.com\/LoboPopArt","article_modified_time":"2020-07-04T18:33:21+00:00","og_image":[{"width":1200,"height":630,"url":"https:\/\/lobopopart.com.br\/wp-content\/uploads\/2016\/09\/contato-artista-plastico.jpg","type":"image\/jpeg"}],"twitter_card":"summary_large_image","twitter_site":"@LoboPopArt","twitter_misc":{"Est. reading time":"3 minutes"},"schema":{"@context":"https:\/\/schema.org","@graph":[{"@type":"WebPage","@id":"https:\/\/lobopopart.com.br\/en\/contact-to-lobo\/","url":"https:\/\/lobopopart.com.br\/en\/contact-to-lobo\/","name":"Contact to Brazilian Pop Artist Lobo - Lobo Pop Art","isPartOf":{"@id":"https:\/\/lobopopart.com.br\/en\/#website"},"primaryImageOfPage":{"@id":"https:\/\/lobopopart.com.br\/en\/contact-to-lobo\/#primaryimage"},"image":{"@id":"https:\/\/lobopopart.com.br\/en\/contact-to-lobo\/#primaryimage"},"thumbnailUrl":"https:\/\/lobopopart.com.br\/wp-content\/uploads\/2018\/03\/Pop-Art-Paintings.jpg","datePublished":"2018-03-17T22:17:37+00:00","dateModified":"2020-07-04T18:33:21+00:00","description":"Pop Artist Lobo | For orders of exclusive paintings, contact the Artist, reference in Pop Art in Brazil and in the world!","breadcrumb":{"@id":"https:\/\/lobopopart.com.br\/en\/contact-to-lobo\/#breadcrumb"},"inLanguage":"en-US","potentialAction":[{"@type":"ReadAction","target":["https:\/\/lobopopart.com.br\/en\/contact-to-lobo\/"]}]},{"@type":"ImageObject","inLanguage":"en-US","@id":"https:\/\/lobopopart.com.br\/en\/contact-to-lobo\/#primaryimage","url":"https:\/\/lobopopart.com.br\/wp-content\/uploads\/2018\/03\/Pop-Art-Paintings.jpg","contentUrl":"https:\/\/lobopopart.com.br\/wp-content\/uploads\/2018\/03\/Pop-Art-Paintings.jpg","width":961,"height":760,"caption":"pop art paintings"},{"@type":"BreadcrumbList","@id":"https:\/\/lobopopart.com.br\/en\/contact-to-lobo\/#breadcrumb","itemListElement":[{"@type":"ListItem","position":1,"name":"In\u00edcio","item":"https:\/\/lobopopart.com.br\/en\/"},{"@type":"ListItem","position":2,"name":"Contact to Brazilian Pop Artist Lobo"}]},{"@type":"WebSite","@id":"https:\/\/lobopopart.com.br\/en\/#website","url":"https:\/\/lobopopart.com.br\/en\/","name":"Artista Lobo Pop Art","description":"Pop Art of Brazilian Pop Artist Lobo","potentialAction":[{"@type":"SearchAction","target":{"@type":"EntryPoint","urlTemplate":"https:\/\/lobopopart.com.br\/en\/?s={search_term_string}"},"query-input":{"@type":"PropertyValueSpecification","valueRequired":true,"valueName":"search_term_string"}}],"inLanguage":"en-US"}]}},"amp_enabled":true,"_links":{"self":[{"href":"https:\/\/lobopopart.com.br\/en\/wp-json\/wp\/v2\/pages\/2958","targetHints":{"allow":["GET"]}}],"collection":[{"href":"https:\/\/lobopopart.com.br\/en\/wp-json\/wp\/v2\/pages"}],"about":[{"href":"https:\/\/lobopopart.com.br\/en\/wp-json\/wp\/v2\/types\/page"}],"author":[{"embeddable":true,"href":"https:\/\/lobopopart.com.br\/en\/wp-json\/wp\/v2\/users\/1"}],"replies":[{"embeddable":true,"href":"https:\/\/lobopopart.com.br\/en\/wp-json\/wp\/v2\/comments?post=2958"}],"version-history":[{"count":0,"href":"https:\/\/lobopopart.com.br\/en\/wp-json\/wp\/v2\/pages\/2958\/revisions"}],"wp:featuredmedia":[{"embeddable":true,"href":"https:\/\/lobopopart.com.br\/en\/wp-json\/wp\/v2\/media\/4248"}],"wp:attachment":[{"href":"https:\/\/lobopopart.com.br\/en\/wp-json\/wp\/v2\/media?parent=2958"}],"curies":[{"name":"wp","href":"https:\/\/api.w.org\/{rel}","templated":true}]}}